{"id":210,"date":"2011-12-27T12:59:51","date_gmt":"2011-12-27T11:59:51","guid":{"rendered":"http:\/\/www.mm-automobiltechnik.de\/wordpress\/?page_id=210"},"modified":"2021-08-19T22:22:09","modified_gmt":"2021-08-19T21:22:09","slug":"impressum-3","status":"publish","type":"page","link":"https:\/\/www.mm-automobiltechnik.de\/en\/impressum-3\/","title":{"rendered":"Imprint"},"content":{"rendered":"<p class=\"qtranxs-available-languages-message qtranxs-available-languages-message-en\">Sorry, this entry is only available in <a href=\"https:\/\/www.mm-automobiltechnik.de\/de\/wp-json\/wp\/v2\/pages\/210\" class=\"qtranxs-available-language-link qtranxs-available-language-link-de\" title=\"Deutsch\">German<\/a>. For the sake of viewer convenience, the content is shown below in the alternative language. You may click the link to switch the active language.<\/p><p>mm-automobiltechnik<br \/>\nManfred Minninger<br \/>\nMaria - Hilf - Str. 13<br \/>\nD - 54550 Daun<br \/>\nphone: +49 06592 2699<br \/>\nmail: info@mm-automobiltechnik.de<\/p>\n<p>Mitglied der Handwerkskammer Trier<br \/>\nBerufsbezeichnung: Karosseriebauermeister (verliehen in der Bundesrepublik Deutschland)<\/p>\n<p>Berufsrechtliche Regelungen:<br \/>\nHandwerksordnung (zu finden im Bundesgesetzblatt I, Seite 3074 in der Fassung vom 24. September 1998***)<\/p>\n<p>Umsatzsteuer-Identifikationsnummer gem\u00e4\u00df \u00a727 a Umsatzsteuergesetz: DE148357480<\/p>\n<p>Haftungshinweis: Trotz sorgf\u00e4ltiger inhaltlicher Kontrolle \u00fcbernehmen wir keine Haftung f\u00fcr die Inhalte externer Links. F\u00fcr den Inhalt der verlinkten Seiten sind ausschlie\u00dflich deren Betreiber verantwortlich.<br \/>\nBitte beachten Sie hierzu auch unsere weiteren <a title=\"Haftungshinweise\" href=\"\/haftungshinweise\/\">Haftungshinweise<\/a>.<\/p>","protected":false},"excerpt":{"rendered":"<p>Sorry, this entry is only available in German. For the sake of viewer convenience, the content is shown below in the alternative language. You may click the link to switch the active language.mm-automobiltechnik Manfred Minninger Maria &#8211; Hilf &#8211; Str. 13 D &#8211; 54550 Daun phone: +49 06592 2699 mail: info@mm-automobiltechnik.de Mitglied der Handwerkskammer Trier [&hellip;]<\/p>\n","protected":false},"author":2,"featured_media":0,"parent":0,"menu_order":9999,"comment_status":"closed","ping_status":"closed","template":"","meta":[],"_links":{"self":[{"href":"https:\/\/www.mm-automobiltechnik.de\/en\/wp-json\/wp\/v2\/pages\/210"}],"collection":[{"href":"https:\/\/www.mm-automobiltechnik.de\/en\/wp-json\/wp\/v2\/pages"}],"about":[{"href":"https:\/\/www.mm-automobiltechnik.de\/en\/wp-json\/wp\/v2\/types\/page"}],"author":[{"embeddable":true,"href":"https:\/\/www.mm-automobiltechnik.de\/en\/wp-json\/wp\/v2\/users\/2"}],"replies":[{"embeddable":true,"href":"https:\/\/www.mm-automobiltechnik.de\/en\/wp-json\/wp\/v2\/comments?post=210"}],"version-history":[{"count":21,"href":"https:\/\/www.mm-automobiltechnik.de\/en\/wp-json\/wp\/v2\/pages\/210\/revisions"}],"predecessor-version":[{"id":1325,"href":"https:\/\/www.mm-automobiltechnik.de\/en\/wp-json\/wp\/v2\/pages\/210\/revisions\/1325"}],"wp:attachment":[{"href":"https:\/\/www.mm-automobiltechnik.de\/en\/wp-json\/wp\/v2\/media?parent=210"}],"curies":[{"name":"wp","href":"https:\/\/api.w.org\/{rel}","templated":true}]}}