{"id":267,"date":"2011-12-27T14:11:20","date_gmt":"2011-12-27T13:11:20","guid":{"rendered":"http:\/\/www.mm-automobiltechnik.de\/wordpress\/?page_id=267"},"modified":"2011-12-31T16:16:06","modified_gmt":"2011-12-31T15:16:06","slug":"haftungshinweise","status":"publish","type":"page","link":"https:\/\/www.mm-automobiltechnik.de\/en\/haftungshinweise\/","title":{"rendered":"Disclaimer"},"content":{"rendered":"<p class=\"qtranxs-available-languages-message qtranxs-available-languages-message-en\">Sorry, this entry is only available in <a href=\"https:\/\/www.mm-automobiltechnik.de\/de\/wp-json\/wp\/v2\/pages\/267\" class=\"qtranxs-available-language-link qtranxs-available-language-link-de\" title=\"Deutsch\">German<\/a>. For the sake of viewer convenience, the content is shown below in the alternative language. You may click the link to switch the active language.<\/p><p><strong>Eigentum<\/strong><br \/>\nDiese Website befindet sich im Eigentum der mm-automobiltechnik, die nachfolgend als Betreiber der Website bezeichnt wird. Der gesamte auf dieser Website angezeigte Inhalt, einschlie\u00dflich (jedoch nicht darauf beschr\u00e4nkt) Text, Grafik, Fotos, beweglicher Bilder, Ton, Illustrationen und Software ('Inhalt') ist Eigentum des Betreibers der Website.<\/p>\n<p>Alle Elemente der Website, einschlie\u00dflich (jedoch nicht darauf beschr\u00e4nkt) des allgemeinen Designs und Inhalts, sind durch Corporate Design, Urheberrechte, moralische Rechte, eingetragene Marken und\/oder sonstige Gesetze in Zusammenhang mit dem Recht auf geistiges Eigentum gesch\u00fctzt. Sofern nicht in diesem oder einem anderen Vertrag mit dem Betreiber der Website ausdr\u00fccklich angef\u00fchrt, darf kein Element dieser Site oder ihres Inhalts kopiert oder auf irgendeine Weise \u00fcbertragen werden; sofern nicht ausdr\u00fccklich anders vereinbart sind diese Website, deren Inhalt und alle damit in Zusammenhang stehenden Rechte alleiniges Eigentum des Betreibers der Website. Sie verpflichten sich zur Entsch\u00e4digung des Betreibers der Website gegen Verluste, Ausgaben, Kosten oder Sch\u00e4den, die sich aus einer Verletzung dieser Nutzungsbedingungen Ihrerseits oder aus einer nicht zul\u00e4ssigen Nutzung des Inhalts und der dazugeh\u00f6rigen Rechte Ihrerseits ergeben.<\/p>\n<p><strong>Rechtsverzicht<\/strong><br \/>\nDIESE WEBSITE UND IHR INHALT SIND IN DIESER FORM BESTIMMT UND DER BETREIBER DER WEBSITE SCHLIESST IN DEM GESETZLICH ZUGELASSENEN MASSE JEDE AUSDR\u00dcCKLICHE ODER STILLSCHWEIGENDE GARANTIE EINSCHLIESSLICH (JEDOCH NICHT BESCHR\u00c4NKT AUF) GARANTIEN \u00dcBER DIE MARKTF\u00c4HIGKEIT, ZUFRIEDEN STELLENDE QUALIT\u00c4T ODER EIGNUNG F\u00dcR EINEN BESTIMMTEN ZWECK AUS. DER BETREIBER DER WEBSITE \u00dcBERNIMMT KEINERLEI HAFTUNG F\u00dcR SCH\u00c4DEN JEGLICHER ART, DIE SICH AUS DER NUTZUNG DIESER WEBSITE ERGEBEN. ES WIRD KEINE VERANTWORTUNG DAF\u00dcR \u00dcBERNOMMEN, DASS DIE FUNKTIONEN, DIE IN DIESER WEBSITE ODER IN DEREN MATERIALIEN DARGESTELLT SIND, UNBEEINTR\u00c4CHTIGT SIND ODER FEHLERFREI FUNKTIONIEREN.<\/p>\n<p><strong>Geltendes Recht, Gerichtszust\u00e4ndigkeit<\/strong><br \/>\nEs ist geltendes Recht der Bundesrepublik Deutschland anzuwenden. Gerichtsstand ist Daun.<\/p>\n<p><strong>Kein Verzicht<\/strong><br \/>\nKeine Ma\u00dfnahme des Betreibers der Website, die nicht ausdr\u00fccklich in schriftlicher Form als Verzicht oder Berichtigung ausgegeben ist, darf als Verzicht oder Berichtigung einer dieser Bedingungen f\u00fcr die Benutzung ausgelegt werden. Falls eine der Klauseln dieser Bedingungen nicht durchsetzbar ist, sind die restlichen Klauseln davon, so weit wie m\u00f6glich, nicht betroffen und bleiben weiterhin voll g\u00fcltig und wirksam.<\/p>\n<p><strong>Links<\/strong><br \/>\nDiese Webseite enth\u00e4lt weiterf\u00fchrende Links, f\u00fcr deren Inhalt, Aktualit\u00e4t, Richtigkeit, Vollst\u00e4ndigkeit oder Qualit\u00e4t der bereitgestellten Informationen seitens des Betreibers der Website keine Gew\u00e4hr \u00fcbernommen wird. Der Betreiber der Website ist nicht f\u00fcr den Inhalt der verlinkten Seiten verantwortlich und erkl\u00e4rt hiermit ausdr\u00fccklich, dass zum Zeitpunkt der Linksetzung keine illegalen Inhalte auf den verlinkten Seiten erkennbar waren. Auf die aktuelle und zuk\u00fcnftige Gestaltung, die Inhalte oder die Urheberschaft der gelinkten\/verkn\u00fcpften Websites hat der Betreiber dieser Website keinerlei Einfluss. Deshalb distanziert sich der Betreiber der Website hiermit ausdr\u00fccklich von allen Inhalten aller gelinkten\/verkn\u00fcpften Seiten, die nach der Linksetzung ver\u00e4ndert wurden.<\/p>\n<p>Haftungsanspr\u00fcche gegen den Betreiber der Website, welche sich auf Sch\u00e4den materieller oder ideeller Art beziehen, die durch die Nutzung oder Nichtnutzung der dargebotenen Informationen bzw. durch die Nutzung fehlerhafter und unvollst\u00e4ndiger Informationen verursacht wurden, sind grunds\u00e4tzlich ausgeschlossen, sofern seitens des Betreibers der Website kein nachweislich vors\u00e4tzliches oder grob fahrl\u00e4ssiges Verschulden vorliegt.<\/p>\n<p><strong>Copyright<\/strong><br \/>\nDer Inhalt dieser Webseite, zu dem Texte, Fotos, Illustrationen, Werbung und weiteres Material geh\u00f6ren, wird durch die Urheberrechte des Betreibers der Website und\/oder von Dritten, die das Material f\u00fcr die Webseite zur Verf\u00fcgung stellten, gesch\u00fctzt.<\/p>\n<p>Der Quellcode der Website ist als Ganzes und in Teilen urheberrechtlich gesch\u00fctzt und darf ohne schriftliche Genehmigung der mm-automobiltechnik nicht kopiert, ver\u00e4ndert, erg\u00e4nzt oder gek\u00fcrzt werden.<\/p>\n<p>Der Inhalt dieser Webseite darf nicht kopiert, herunter geladen, reproduziert, ver\u00f6ffentlicht, versendet, weitergeleitet oder in irgendeiner Weise verteilt werden. Ver\u00e4nderungen des Materials oder eine andere Verwendung als die private, nicht-kommerzielle ist ein Versto\u00df gegen das Urheberrecht und anderen Eigentumsrechten des Betreibers der Website und Dritten, die die entsprechenden Rechte an dem betroffenen Material besitzen. Die Verwendung von Inhalten dieser Webseite auf anderen Webseiten oder Computernetzwerken ist verboten.<\/p>\n<p>Die Markenzeichen, Logos und Handelsmarken (hier als Markenzeichen benannt), die sich auf dieser Webseite befinden, sind registrierte oder nicht-registrierte Markenzeichen des Betreibers der Website und von Dritten. Die Verwendung von Markenzeichen dieser Webseite sowie anderer Inhalte ist strengstens verboten. Zur Verwendung muss eine schriftliche Erlaubnis des Besitzers der Markenzeichen eingeholt werden.<\/p>","protected":false},"excerpt":{"rendered":"<p>Sorry, this entry is only available in German. For the sake of viewer convenience, the content is shown below in the alternative language. You may click the link to switch the active language.Eigentum Diese Website befindet sich im Eigentum der mm-automobiltechnik, die nachfolgend als Betreiber der Website bezeichnt wird. Der gesamte auf dieser Website angezeigte [&hellip;]<\/p>\n","protected":false},"author":7,"featured_media":0,"parent":0,"menu_order":0,"comment_status":"closed","ping_status":"open","template":"","meta":[],"_links":{"self":[{"href":"https:\/\/www.mm-automobiltechnik.de\/en\/wp-json\/wp\/v2\/pages\/267"}],"collection":[{"href":"https:\/\/www.mm-automobiltechnik.de\/en\/wp-json\/wp\/v2\/pages"}],"about":[{"href":"https:\/\/www.mm-automobiltechnik.de\/en\/wp-json\/wp\/v2\/types\/page"}],"author":[{"embeddable":true,"href":"https:\/\/www.mm-automobiltechnik.de\/en\/wp-json\/wp\/v2\/users\/7"}],"replies":[{"embeddable":true,"href":"https:\/\/www.mm-automobiltechnik.de\/en\/wp-json\/wp\/v2\/comments?post=267"}],"version-history":[{"count":5,"href":"https:\/\/www.mm-automobiltechnik.de\/en\/wp-json\/wp\/v2\/pages\/267\/revisions"}],"predecessor-version":[{"id":363,"href":"https:\/\/www.mm-automobiltechnik.de\/en\/wp-json\/wp\/v2\/pages\/267\/revisions\/363"}],"wp:attachment":[{"href":"https:\/\/www.mm-automobiltechnik.de\/en\/wp-json\/wp\/v2\/media?parent=267"}],"curies":[{"name":"wp","href":"https:\/\/api.w.org\/{rel}","templated":true}]}}